{"id":1946,"date":"2022-04-15T12:06:38","date_gmt":"2022-04-15T11:06:38","guid":{"rendered":"https:\/\/www.patinolawoffice.com\/?page_id=1946"},"modified":"2024-08-09T09:46:38","modified_gmt":"2024-08-09T08:46:38","slug":"responsabilidad-del-producto","status":"publish","type":"page","link":"https:\/\/www.patinolawoffice.com\/es\/responsabilidad-del-producto\/","title":{"rendered":"Responsabilidad Producto"},"content":{"rendered":"<section class=\"l-section wpb_row us_custom_60e9caca us_animate_this height_small with_img\"><div class=\"l-section-img\" role=\"img\" aria-label=\"Imagen\" data-img-width=\"1440\" data-img-height=\"300\" style=\"background-image: url(https:\/\/www.patinolawoffice.com\/wp-content\/uploads\/2022\/03\/practice-areas-hero-interior.webp);\"><\/div><div class=\"l-section-h i-cf\"><div class=\"g-cols vc_row via_grid cols_5-1 laptops-cols_inherit tablets-cols_inherit mobiles-cols_1 valign_top type_default stacking_default\"><div class=\"wpb_column vc_column_container\"><div class=\"vc_column-inner\">[vc_custom_heading text=&#8221;Responsabilidad Producto&#8221; font_container=&#8221;tag:h1|text_align:left|color:%23ffffff&#8221; use_theme_fonts=&#8221;yes&#8221;]<\/div><\/div><div class=\"wpb_column vc_column_container\"><div class=\"vc_column-inner\"><\/div><\/div><\/div><\/div><\/section><section class=\"l-section wpb_row us_custom_60e9caca us_animate_this height_small\"><div class=\"l-section-overlay\" style=\"background:var(--color-alt-content-bg)\"><\/div><div class=\"l-section-h i-cf\"><div class=\"g-cols vc_row via_grid cols_1 laptops-cols_inherit tablets-cols_inherit mobiles-cols_1 valign_middle type_default stacking_default\"><div class=\"wpb_column vc_column_container us_custom_60e9caca us_animate_this\"><div class=\"vc_column-inner\"><div class=\"g-cols wpb_row via_grid cols_1 laptops-cols_inherit tablets-cols_inherit mobiles-cols_1 valign_top type_default stacking_default\" style=\"--columns-gap:3rem;\"><div class=\"wpb_column vc_column_container us_custom_60e9caca us_animate_this\"><div class=\"vc_column-inner\"><div class=\"wpb_text_column\"><div class=\"wpb_wrapper\"><h2 style=\"text-align: center;\">Abogado de responsabilidad de productos en McAllen y San Antonio<\/h2>\n<p style=\"text-align: center;\">Cuando una persona compra un art\u00edculo, desde un medicamento hasta un producto dom\u00e9stico, tiene todo el derecho a esperar que funcione seg\u00fan lo previsto y, lo que es m\u00e1s importante, sin poner en peligro a nadie. Desafortunadamente, la realidad es que cada a\u00f1o se lanzan al p\u00fablico cientos de productos potencialmente peligrosos. Aunque el peligro que presentan estos art\u00edculos puede variar considerablemente, cualquier lesi\u00f3n o enfermedad causada por un producto inseguro puede dejar al fabricante responsable por las consecuencias que esto pueda ocasionar.<\/p>\n<p style=\"text-align: center;\">Las lesiones causadas por productos peligrosos o defectuosos pueden ocasionar da\u00f1os sustanciales a las v\u00edctimas, desde la desfiguraci\u00f3n f\u00edsica permanente hasta la p\u00e9rdida del poder adquisitivo. Sin embargo, no tienes que enfrentar estas cargas solo. La persona o compa\u00f1\u00eda culpable por el art\u00edculo inseguro puede estar obligada a cubrir sus facturas m\u00e9dicas, salarios perdidos, necesidades de rehabilitaci\u00f3n en curso y m\u00e1s.<\/p>\n<\/div><\/div><\/div><\/div><\/div><\/div><\/div><\/div><\/div><\/section><section class=\"l-section wpb_row height_small\"><div class=\"l-section-h i-cf\"><div class=\"g-cols vc_row via_grid cols_1 laptops-cols_inherit tablets-cols_inherit mobiles-cols_1 valign_top type_default stacking_default\"><div class=\"wpb_column vc_column_container\"><div class=\"vc_column-inner\"><section class=\"l-section wpb_row height_auto\"><div class=\"l-section-h i-cf\"><div class=\"g-cols vc_row via_grid cols_1 laptops-cols_inherit tablets-cols_inherit mobiles-cols_1 valign_top type_default stacking_default\"><div class=\"wpb_column vc_column_container\"><div class=\"vc_column-inner\">[vc_raw_html]JTVCdHJ1c3RpbmRleCUyMG5vLXJlZ2lzdHJhdGlvbiUzRGdvb2dsZSU1RA==[\/vc_raw_html]<\/div><\/div><\/div><\/div><\/section>\n<\/div><\/div><\/div><\/div><\/section><section class=\"l-section wpb_row us_custom_60e9caca us_animate_this height_small\"><div class=\"l-section-h i-cf\"><div class=\"g-cols vc_row via_grid cols_1 laptops-cols_inherit tablets-cols_inherit mobiles-cols_1 valign_middle type_default stacking_default\"><div class=\"wpb_column vc_column_container\"><div class=\"vc_column-inner\"><div class=\"w-separator size_medium\"><\/div><div class=\"g-cols wpb_row via_grid cols_2 laptops-cols_inherit tablets-cols_inherit mobiles-cols_1 valign_top type_default stacking_default\" style=\"--columns-gap:3rem;\"><div class=\"wpb_column vc_column_container us_custom_7e20fa79 us_animate_this\"><div class=\"vc_column-inner\"><div class=\"wpb_text_column\" id=\"law\"><div class=\"wpb_wrapper\"><h2>Nuestras \u00e1reas de pr\u00e1ctica<\/h2>\n<p>En el Bufete de Abogados de \u00a0Patino, sabemos que puede ser intimidante tomar medidas contra la parte responsable de su lesi\u00f3n. Sin embargo, nuestro tenaz abogado no tiene miedo de luchar por la justicia que usted merece si ha sido lastimado por alguno de los siguientes:<\/p>\n<ul class=\"two-col\">\n<li>Productos farmac\u00e9uticos<\/li>\n<li>Electrodom\u00e9sticos defectuosos<\/li>\n<li>Productos alimenticios y envases t\u00f3xicos<\/li>\n<li>Productos y juguetes peligrosos para el cuidado de los ni\u00f1os<\/li>\n<li>Veh\u00edculos defectuosos<\/li>\n<li>Defectos de fabricaci\u00f3n<\/li>\n<li>Defectos de dise\u00f1o<\/li>\n<\/ul>\n<p>Cuando responsabiliza a una persona o grupo negligente por su producto defectuoso, no solo puede asegurar la compensaci\u00f3n que necesita por sus lesiones, sino que tambi\u00e9n puede ayudar a proteger a otros de sufrir el mismo dolor y sufrimiento haciendo que se le recuerde o modifique el art\u00edculo peligroso.<\/p>\n<\/div><\/div><\/div><\/div><div class=\"wpb_column vc_column_container us_custom_47474b22 us_animate_this\"><div class=\"vc_column-inner\"><div class=\"w-image align_none\"><div class=\"w-image-h\"><img decoding=\"async\" width=\"600\" height=\"600\" src=\"https:\/\/www.patinolawoffice.com\/wp-content\/uploads\/2022\/04\/PatinoLaw_1142715916.webp\" class=\"attachment-large size-large\" alt=\"drug overdose\" loading=\"lazy\" srcset=\"https:\/\/www.patinolawoffice.com\/wp-content\/uploads\/2022\/04\/PatinoLaw_1142715916.webp 600w, https:\/\/www.patinolawoffice.com\/wp-content\/uploads\/2022\/04\/PatinoLaw_1142715916-300x300.webp 300w, https:\/\/www.patinolawoffice.com\/wp-content\/uploads\/2022\/04\/PatinoLaw_1142715916-150x150.webp 150w, https:\/\/www.patinolawoffice.com\/wp-content\/uploads\/2022\/04\/PatinoLaw_1142715916-450x450.webp 450w, https:\/\/www.patinolawoffice.com\/wp-content\/uploads\/2022\/04\/PatinoLaw_1142715916-100x100.webp 100w, https:\/\/www.patinolawoffice.com\/wp-content\/uploads\/2022\/04\/PatinoLaw_1142715916-90x90.webp 90w\" sizes=\"auto, (max-width: 600px) 100vw, 600px\" \/><\/div><\/div><\/div><\/div><\/div><div class=\"w-separator size_medium\"><\/div><div class=\"g-cols wpb_row via_grid cols_1 laptops-cols_inherit tablets-cols_inherit mobiles-cols_1 valign_top type_default stacking_default\" style=\"--columns-gap:3rem;\" id=\"fault\"><div class=\"wpb_column vc_column_container\"><div class=\"vc_column-inner\"><div class=\"wpb_text_column\" id=\"fault\"><div class=\"wpb_wrapper\"><h3 style=\"text-align: center;\">Cont\u00e1ctenos<\/h3>\n<p style=\"text-align: center;\">Si usted o alguien que conoce ha sufrido como resultado de un producto defectuoso o peligroso, no deber\u00eda tener que enfrentar las consecuencias por su cuenta. P\u00f3ngase en contacto hoy con los abogados del Bufete de Abogados de Patino en\u00a0<a href=\"tel:2106469100\" target=\"_self\" rel=\"noopener\">210-646-9100<\/a>\u00a0o\u00a0<a href=\"tel:9566313535\" target=\"_self\" rel=\"noopener\">956-631-3535\u00a0<\/a>para discutir su caso en detalle con un miembro de nuestro personal legal y determinar si usted puede ser elegible para iniciar una demanda por responsabilidad civil por productos defectuosos.<\/p>\n<\/div><\/div><\/div><\/div><\/div><\/div><\/div><\/div><\/div><\/section><section class=\"l-section wpb_row height_small width_full with_img\"><div class=\"l-section-img\" role=\"img\" aria-label=\"Imagen\" data-img-width=\"1435\" data-img-height=\"300\" style=\"background-image: url(https:\/\/www.patinolawoffice.com\/wp-content\/uploads\/2022\/04\/cta-interior.webp);\"><\/div><div class=\"l-section-h i-cf\"><div class=\"g-cols vc_row via_grid cols_1 laptops-cols_inherit tablets-cols_inherit mobiles-cols_1 valign_top type_default stacking_default\"><div class=\"wpb_column vc_column_container\"><div class=\"vc_column-inner\"><section class=\"l-section wpb_row height_small\"><div class=\"l-section-h i-cf\"><div class=\"g-cols vc_row via_grid cols_1 laptops-cols_inherit tablets-cols_inherit mobiles-cols_1 valign_top type_default stacking_default\"><div class=\"wpb_column vc_column_container us_custom_98f737cf has_text_color us_animate_this\"><div class=\"vc_column-inner\">[vc_custom_heading text=&#8221;Sin tarifa a menos que ganemos&#8221; font_container=&#8221;tag:h2|text_align:center&#8221; use_theme_fonts=&#8221;yes&#8221;]<div class=\"w-separator size_medium\"><\/div><div class=\"w-btn-wrapper align_center\"><a class=\"w-btn us-btn-style_1\" href=\"\/es\/contactenos\/\"><span class=\"w-btn-label\">Consulta Gratis<\/span><\/a><\/div><\/div><\/div><\/div><\/div><\/section>\n<\/div><\/div><\/div><\/div><\/section>\n","protected":false},"excerpt":{"rendered":"[vc_custom_heading text=\"Responsabilidad Producto\" font_container=\"tag:h1|text_align:left|color:%23ffffff\" use_theme_fonts=\"yes\"]Abogado de responsabilidad de productos en McAllen y San Antonio Cuando una persona compra un art\u00edculo, desde un medicamento hasta un producto dom\u00e9stico, tiene todo el derecho a esperar que funcione seg\u00fan lo previsto y, lo que es m\u00e1s importante, sin poner en peligro a nadie. Desafortunadamente, la realidad es que...","protected":false},"author":2,"featured_media":0,"parent":0,"menu_order":1,"comment_status":"closed","ping_status":"closed","template":"","meta":{"_acf_changed":false,"inline_featured_image":false,"footnotes":""},"class_list":["post-1946","page","type-page","status-publish","hentry"],"acf":[],"yoast_head":"<!-- This site is optimized with the Yoast SEO plugin v27.3 - https:\/\/yoast.com\/product\/yoast-seo-wordpress\/ -->\n<title>Abogados de Productos Defectuosos en Texas | Patino Law<\/title>\n<meta name=\"description\" content=\"Si ha sido lesionado por un producto defectuoso, nuestros abogados pueden obtener la compensaci\u00f3n que merece.\" \/>\n<meta name=\"robots\" content=\"index, follow, max-snippet:-1, max-image-preview:large, max-video-preview:-1\" \/>\n<link rel=\"canonical\" href=\"https:\/\/www.patinolawoffice.com\/es\/responsabilidad-del-producto\/\" \/>\n<meta property=\"og:locale\" content=\"es_ES\" \/>\n<meta property=\"og:type\" content=\"article\" \/>\n<meta property=\"og:title\" content=\"Abogados de Productos Defectuosos en Texas | Patino Law\" \/>\n<meta property=\"og:description\" content=\"Si ha sido lesionado por un producto defectuoso, nuestros abogados pueden obtener la compensaci\u00f3n que merece.\" \/>\n<meta property=\"og:url\" content=\"https:\/\/www.patinolawoffice.com\/es\/responsabilidad-del-producto\/\" \/>\n<meta property=\"og:site_name\" content=\"Patino Law\" \/>\n<meta property=\"article:modified_time\" content=\"2024-08-09T08:46:38+00:00\" \/>\n<meta name=\"twitter:card\" content=\"summary_large_image\" \/>\n<meta name=\"twitter:label1\" content=\"Tiempo de lectura\" \/>\n\t<meta name=\"twitter:data1\" content=\"2 minutos\" \/>\n<!-- \/ Yoast SEO plugin. -->","yoast_head_json":{"title":"Abogados de Productos Defectuosos en Texas | Patino Law","description":"Si ha sido lesionado por un producto defectuoso, nuestros abogados pueden obtener la compensaci\u00f3n que merece.","robots":{"index":"index","follow":"follow","max-snippet":"max-snippet:-1","max-image-preview":"max-image-preview:large","max-video-preview":"max-video-preview:-1"},"canonical":"https:\/\/www.patinolawoffice.com\/es\/responsabilidad-del-producto\/","og_locale":"es_ES","og_type":"article","og_title":"Abogados de Productos Defectuosos en Texas | Patino Law","og_description":"Si ha sido lesionado por un producto defectuoso, nuestros abogados pueden obtener la compensaci\u00f3n que merece.","og_url":"https:\/\/www.patinolawoffice.com\/es\/responsabilidad-del-producto\/","og_site_name":"Patino Law","article_modified_time":"2024-08-09T08:46:38+00:00","twitter_card":"summary_large_image","twitter_misc":{"Tiempo de lectura":"2 minutos"},"schema":{"@context":"https:\/\/schema.org","@graph":[{"@type":"WebPage","@id":"https:\/\/www.patinolawoffice.com\/es\/responsabilidad-del-producto\/","url":"https:\/\/www.patinolawoffice.com\/es\/responsabilidad-del-producto\/","name":"Abogados de Productos Defectuosos en Texas | Patino Law","isPartOf":{"@id":"https:\/\/www.patinolawoffice.com\/#website"},"datePublished":"2022-04-15T11:06:38+00:00","dateModified":"2024-08-09T08:46:38+00:00","description":"Si ha sido lesionado por un producto defectuoso, nuestros abogados pueden obtener la compensaci\u00f3n que merece.","breadcrumb":{"@id":"https:\/\/www.patinolawoffice.com\/es\/responsabilidad-del-producto\/#breadcrumb"},"inLanguage":"es","potentialAction":[{"@type":"ReadAction","target":["https:\/\/www.patinolawoffice.com\/es\/responsabilidad-del-producto\/"]}]},{"@type":"BreadcrumbList","@id":"https:\/\/www.patinolawoffice.com\/es\/responsabilidad-del-producto\/#breadcrumb","itemListElement":[{"@type":"ListItem","position":1,"name":"Home","item":"https:\/\/www.patinolawoffice.com\/"},{"@type":"ListItem","position":2,"name":"Responsabilidad Producto"}]},{"@type":"WebSite","@id":"https:\/\/www.patinolawoffice.com\/#website","url":"https:\/\/www.patinolawoffice.com\/","name":"Patino Law","description":"","potentialAction":[{"@type":"SearchAction","target":{"@type":"EntryPoint","urlTemplate":"https:\/\/www.patinolawoffice.com\/?s={search_term_string}"},"query-input":{"@type":"PropertyValueSpecification","valueRequired":true,"valueName":"search_term_string"}}],"inLanguage":"es"}]}},"_links":{"self":[{"href":"https:\/\/www.patinolawoffice.com\/es\/wp-json\/wp\/v2\/pages\/1946","targetHints":{"allow":["GET"]}}],"collection":[{"href":"https:\/\/www.patinolawoffice.com\/es\/wp-json\/wp\/v2\/pages"}],"about":[{"href":"https:\/\/www.patinolawoffice.com\/es\/wp-json\/wp\/v2\/types\/page"}],"author":[{"embeddable":true,"href":"https:\/\/www.patinolawoffice.com\/es\/wp-json\/wp\/v2\/users\/2"}],"replies":[{"embeddable":true,"href":"https:\/\/www.patinolawoffice.com\/es\/wp-json\/wp\/v2\/comments?post=1946"}],"version-history":[{"count":0,"href":"https:\/\/www.patinolawoffice.com\/es\/wp-json\/wp\/v2\/pages\/1946\/revisions"}],"wp:attachment":[{"href":"https:\/\/www.patinolawoffice.com\/es\/wp-json\/wp\/v2\/media?parent=1946"}],"curies":[{"name":"wp","href":"https:\/\/api.w.org\/{rel}","templated":true}]}}