{"id":1964,"date":"2022-04-13T11:29:43","date_gmt":"2022-04-13T10:29:43","guid":{"rendered":"https:\/\/www.patinolawoffice.com\/sobre-nosotros\/"},"modified":"2022-04-21T08:32:29","modified_gmt":"2022-04-21T07:32:29","slug":"sobre-nosotros","status":"publish","type":"page","link":"https:\/\/www.patinolawoffice.com\/es\/sobre-nosotros\/","title":{"rendered":"Sobre nosotros"},"content":{"rendered":"<section class=\"l-section wpb_row us_custom_60e9caca us_animate_this height_small with_img\"><div class=\"l-section-img\" role=\"img\" aria-label=\"Imagen\" data-img-width=\"1440\" data-img-height=\"300\" style=\"background-image: url(https:\/\/www.patinolawoffice.com\/wp-content\/uploads\/2022\/03\/practice-areas-hero-interior.webp);\"><\/div><div class=\"l-section-h i-cf\"><div class=\"g-cols vc_row via_grid cols_5-1 laptops-cols_inherit tablets-cols_inherit mobiles-cols_1 valign_top type_default stacking_default\"><div class=\"wpb_column vc_column_container\"><div class=\"vc_column-inner\">[vc_custom_heading text=&#8221;Sobre nosotros&#8221; font_container=&#8221;tag:h1|text_align:left|color:%23ffffff&#8221; use_theme_fonts=&#8221;yes&#8221;]<\/div><\/div><div class=\"wpb_column vc_column_container\"><div class=\"vc_column-inner\"><\/div><\/div><\/div><\/div><\/section><section class=\"l-section wpb_row us_custom_60e9caca us_animate_this height_small\"><div class=\"l-section-overlay\" style=\"background:var(--color-alt-content-bg)\"><\/div><div class=\"l-section-h i-cf\"><div class=\"g-cols vc_row via_grid cols_1 laptops-cols_inherit tablets-cols_inherit mobiles-cols_1 valign_middle type_default stacking_default\"><div class=\"wpb_column vc_column_container us_custom_60e9caca us_animate_this\"><div class=\"vc_column-inner\"><div class=\"g-cols wpb_row via_grid cols_2 laptops-cols_inherit tablets-cols_inherit mobiles-cols_1 valign_top type_default stacking_default\" style=\"--columns-gap:3rem;\"><div class=\"wpb_column vc_column_container us_custom_7e20fa79 us_animate_this\"><div class=\"vc_column-inner\"><div class=\"wpb_text_column\"><div class=\"wpb_wrapper\"><h2>Sobre el Dr. Louis Pati\u00f1o<\/h2>\n<p>El Dr. Louis Pati\u00f1o ha seguido una carrera que lo ha llevado a trav\u00e9s del campo m\u00e9dico y la profesi\u00f3n legal, d\u00e1ndole una perspectiva \u00fanica sobre la ley de lesiones personales que le permite manejar de manera m\u00e1s efectiva los casos de sus clientes. Despu\u00e9s de graduarse en la Universidad de St. Edward con una licenciatura en Biolog\u00eda, el Dr. Patino ingres\u00f3 en las Fuerzas Armadas de los Estados Unidos y sirvi\u00f3 como M\u00e9dico de Combate del Ej\u00e9rcito de EE. UU. Para la 10\u00aa Divisi\u00f3n de Monta\u00f1a durante la Guerra del Golfo. El Dr. Patino obtuvo la codiciada y distinguida Insignia de Experto en Medicina de campo (EFMB).<\/p>\n<h3>Educaci\u00f3n<\/h3>\n<p>Despu\u00e9s de su servicio, el Dr. Patino asisti\u00f3 al Parker College of Chiropractic y se gradu\u00f3 con un t\u00edtulo doble de Doctor en Quiropr\u00e1ctica y una Licenciatura en Anatom\u00eda. El Dr. Patino asisti\u00f3 a la Facultad de Derecho de la Universidad del Sur de Texas. Hoy en d\u00eda, representa a clientes en una amplia variedad de asuntos legales que incluyen:\u00a0<a href=\"https:\/\/www.patinolawoffice.com\/es\/lesiones-personales\/\">Lesiones personales<\/a>, Derecho penal, Derecho de familia, Litigios mercantiles, Negligencia m\u00e9dica , Lesiones mar\u00edtimas \/ estibadores.<\/p>\n<p>Es miembro de la Asociaci\u00f3n de Abogados de Texas, la Asociaci\u00f3n de Abogados de los Estados Unidos y las Asociaciones de Abogados de Hidalgo y es elegible para juzgar casos ante todos los Tribunales Federales y de Texas.<\/p>\n<\/div><\/div><div class=\"w-separator size_medium\"><\/div><\/div><\/div><div class=\"wpb_column vc_column_container us_custom_47474b22 us_animate_this\"><div class=\"vc_column-inner\"><div class=\"w-image align_center\"><div class=\"w-image-h\"><img decoding=\"async\" width=\"865\" height=\"1161\" src=\"https:\/\/www.patinolawoffice.com\/wp-content\/uploads\/2022\/04\/louis-and-team.png\" class=\"attachment-full size-full\" alt=\"Louis Patino and team\" loading=\"lazy\" srcset=\"https:\/\/www.patinolawoffice.com\/wp-content\/uploads\/2022\/04\/louis-and-team.png 865w, https:\/\/www.patinolawoffice.com\/wp-content\/uploads\/2022\/04\/louis-and-team-224x300.png 224w, https:\/\/www.patinolawoffice.com\/wp-content\/uploads\/2022\/04\/louis-and-team-763x1024.png 763w, https:\/\/www.patinolawoffice.com\/wp-content\/uploads\/2022\/04\/louis-and-team-75x100.png 75w, https:\/\/www.patinolawoffice.com\/wp-content\/uploads\/2022\/04\/louis-and-team-67x90.png 67w\" sizes=\"auto, (max-width: 865px) 100vw, 865px\" \/><\/div><\/div><\/div><\/div><\/div><\/div><\/div><\/div><\/div><\/section><section class=\"l-section wpb_row height_small\"><div class=\"l-section-h i-cf\"><div class=\"g-cols vc_row via_grid cols_1 laptops-cols_inherit tablets-cols_inherit mobiles-cols_1 valign_top type_default stacking_default\"><div class=\"wpb_column vc_column_container us_custom_eb849559\"><div class=\"vc_column-inner\"><div class=\"wpb_text_column\"><div class=\"wpb_wrapper\"><h3>Firma de abogados de veteranos que sirve a los veteranos y sus familias.<\/h3>\n<\/div><\/div><div class=\"w-separator size_medium\"><\/div><div class=\"w-image align_center\"><div class=\"w-image-h\"><img decoding=\"async\" width=\"1024\" height=\"242\" src=\"https:\/\/www.patinolawoffice.com\/wp-content\/uploads\/2022\/04\/about-page-logos-1024x242.png\" class=\"attachment-large size-large\" alt=\"accreditations and awards\" loading=\"lazy\" srcset=\"https:\/\/www.patinolawoffice.com\/wp-content\/uploads\/2022\/04\/about-page-logos-1024x242.png 1024w, https:\/\/www.patinolawoffice.com\/wp-content\/uploads\/2022\/04\/about-page-logos-300x71.png 300w, https:\/\/www.patinolawoffice.com\/wp-content\/uploads\/2022\/04\/about-page-logos-100x24.png 100w, https:\/\/www.patinolawoffice.com\/wp-content\/uploads\/2022\/04\/about-page-logos-90x21.png 90w, https:\/\/www.patinolawoffice.com\/wp-content\/uploads\/2022\/04\/about-page-logos.png 1341w\" sizes=\"auto, (max-width: 1024px) 100vw, 1024px\" \/><\/div><\/div><\/div><\/div><\/div><\/div><\/section><section class=\"l-section wpb_row height_small width_full with_img\"><div class=\"l-section-img\" role=\"img\" aria-label=\"Imagen\" data-img-width=\"1435\" data-img-height=\"300\" style=\"background-image: url(https:\/\/www.patinolawoffice.com\/wp-content\/uploads\/2022\/04\/cta-interior.webp);\"><\/div><div class=\"l-section-h i-cf\"><div class=\"g-cols vc_row via_grid cols_1 laptops-cols_inherit tablets-cols_inherit mobiles-cols_1 valign_top type_default stacking_default\"><div class=\"wpb_column vc_column_container\"><div class=\"vc_column-inner\"><section class=\"l-section wpb_row height_small\"><div class=\"l-section-h i-cf\"><div class=\"g-cols vc_row via_grid cols_1 laptops-cols_inherit tablets-cols_inherit mobiles-cols_1 valign_top type_default stacking_default\"><div class=\"wpb_column vc_column_container us_custom_98f737cf has_text_color us_animate_this\"><div class=\"vc_column-inner\">[vc_custom_heading text=&#8221;Sin tarifa a menos que ganemos&#8221; font_container=&#8221;tag:h2|text_align:center&#8221; use_theme_fonts=&#8221;yes&#8221;]<div class=\"w-separator size_medium\"><\/div><div class=\"w-btn-wrapper align_center\"><a class=\"w-btn us-btn-style_1\" href=\"\/es\/contactenos\/\"><span class=\"w-btn-label\">Consulta Gratis<\/span><\/a><\/div><\/div><\/div><\/div><\/div><\/section>\n<\/div><\/div><\/div><\/div><\/section>\n","protected":false},"excerpt":{"rendered":"[vc_custom_heading text=\"Sobre nosotros\" font_container=\"tag:h1|text_align:left|color:%23ffffff\" use_theme_fonts=\"yes\"]Sobre el Dr. Louis Pati\u00f1o El Dr. Louis Pati\u00f1o ha seguido una carrera que lo ha llevado a trav\u00e9s del campo m\u00e9dico y la profesi\u00f3n legal, d\u00e1ndole una perspectiva \u00fanica sobre la ley de lesiones personales que le permite manejar de manera m\u00e1s efectiva los casos de sus clientes. Despu\u00e9s de...","protected":false},"author":2,"featured_media":0,"parent":0,"menu_order":0,"comment_status":"closed","ping_status":"closed","template":"","meta":{"_acf_changed":false,"inline_featured_image":false,"footnotes":""},"class_list":["post-1964","page","type-page","status-publish","hentry"],"acf":[],"yoast_head":"<!-- This site is optimized with the Yoast SEO plugin v27.3 - https:\/\/yoast.com\/product\/yoast-seo-wordpress\/ -->\n<title>Top-Rated Personal Injury Lawyers | Patino Law Firm<\/title>\n<meta name=\"description\" content=\"If you&#039;re in an accident, our top personal injury lawyers in McAllen and San Antonio can get you the compensation you deserve.\" \/>\n<meta name=\"robots\" content=\"index, follow, max-snippet:-1, max-image-preview:large, max-video-preview:-1\" \/>\n<link rel=\"canonical\" href=\"https:\/\/www.patinolawoffice.com\/about\/\" \/>\n<meta property=\"og:locale\" content=\"es_ES\" \/>\n<meta property=\"og:type\" content=\"article\" \/>\n<meta property=\"og:title\" content=\"Top-Rated Personal Injury Lawyers | Patino Law Firm\" \/>\n<meta property=\"og:description\" content=\"If you&#039;re in an accident, our top personal injury lawyers in McAllen and San Antonio can get you the compensation you deserve.\" \/>\n<meta property=\"og:url\" content=\"https:\/\/www.patinolawoffice.com\/about\/\" \/>\n<meta property=\"og:site_name\" content=\"Patino Law\" \/>\n<meta property=\"article:modified_time\" content=\"2022-04-21T07:32:29+00:00\" \/>\n<meta name=\"twitter:card\" content=\"summary_large_image\" \/>\n<meta name=\"twitter:label1\" content=\"Tiempo de lectura\" \/>\n\t<meta name=\"twitter:data1\" content=\"2 minutos\" \/>\n<!-- \/ Yoast SEO plugin. -->","yoast_head_json":{"title":"Top-Rated Personal Injury Lawyers | Patino Law Firm","description":"If you're in an accident, our top personal injury lawyers in McAllen and San Antonio can get you the compensation you deserve.","robots":{"index":"index","follow":"follow","max-snippet":"max-snippet:-1","max-image-preview":"max-image-preview:large","max-video-preview":"max-video-preview:-1"},"canonical":"https:\/\/www.patinolawoffice.com\/about\/","og_locale":"es_ES","og_type":"article","og_title":"Top-Rated Personal Injury Lawyers | Patino Law Firm","og_description":"If you're in an accident, our top personal injury lawyers in McAllen and San Antonio can get you the compensation you deserve.","og_url":"https:\/\/www.patinolawoffice.com\/about\/","og_site_name":"Patino Law","article_modified_time":"2022-04-21T07:32:29+00:00","twitter_card":"summary_large_image","twitter_misc":{"Tiempo de lectura":"2 minutos"},"schema":{"@context":"https:\/\/schema.org","@graph":[{"@type":"WebPage","@id":"https:\/\/www.patinolawoffice.com\/about\/","url":"https:\/\/www.patinolawoffice.com\/about\/","name":"Top-Rated Personal Injury Lawyers | Patino Law Firm","isPartOf":{"@id":"https:\/\/www.patinolawoffice.com\/#website"},"datePublished":"2022-04-13T10:29:43+00:00","dateModified":"2022-04-21T07:32:29+00:00","description":"If you're in an accident, our top personal injury lawyers in McAllen and San Antonio can get you the compensation you deserve.","breadcrumb":{"@id":"https:\/\/www.patinolawoffice.com\/about\/#breadcrumb"},"inLanguage":"es","potentialAction":[{"@type":"ReadAction","target":["https:\/\/www.patinolawoffice.com\/about\/"]}]},{"@type":"BreadcrumbList","@id":"https:\/\/www.patinolawoffice.com\/about\/#breadcrumb","itemListElement":[{"@type":"ListItem","position":1,"name":"Home","item":"https:\/\/www.patinolawoffice.com\/"},{"@type":"ListItem","position":2,"name":"Sobre nosotros"}]},{"@type":"WebSite","@id":"https:\/\/www.patinolawoffice.com\/#website","url":"https:\/\/www.patinolawoffice.com\/","name":"Patino Law","description":"","potentialAction":[{"@type":"SearchAction","target":{"@type":"EntryPoint","urlTemplate":"https:\/\/www.patinolawoffice.com\/?s={search_term_string}"},"query-input":{"@type":"PropertyValueSpecification","valueRequired":true,"valueName":"search_term_string"}}],"inLanguage":"es"}]}},"_links":{"self":[{"href":"https:\/\/www.patinolawoffice.com\/es\/wp-json\/wp\/v2\/pages\/1964","targetHints":{"allow":["GET"]}}],"collection":[{"href":"https:\/\/www.patinolawoffice.com\/es\/wp-json\/wp\/v2\/pages"}],"about":[{"href":"https:\/\/www.patinolawoffice.com\/es\/wp-json\/wp\/v2\/types\/page"}],"author":[{"embeddable":true,"href":"https:\/\/www.patinolawoffice.com\/es\/wp-json\/wp\/v2\/users\/2"}],"replies":[{"embeddable":true,"href":"https:\/\/www.patinolawoffice.com\/es\/wp-json\/wp\/v2\/comments?post=1964"}],"version-history":[{"count":0,"href":"https:\/\/www.patinolawoffice.com\/es\/wp-json\/wp\/v2\/pages\/1964\/revisions"}],"wp:attachment":[{"href":"https:\/\/www.patinolawoffice.com\/es\/wp-json\/wp\/v2\/media?parent=1964"}],"curies":[{"name":"wp","href":"https:\/\/api.w.org\/{rel}","templated":true}]}}